{"id":4084,"date":"2024-09-25T18:32:59","date_gmt":"2024-09-25T22:32:59","guid":{"rendered":"https:\/\/website-db6d6631.ujk.joe.mybluehost.me\/es\/?page_id=4084"},"modified":"2024-10-07T18:21:00","modified_gmt":"2024-10-07T22:21:00","slug":"proceso","status":"publish","type":"page","link":"https:\/\/juliogalindo.com\/es\/proceso\/","title":{"rendered":"Proceso"},"content":{"rendered":"\n<div class=\"wp-block-stackable-heading stk-block-heading stk-block-heading--v2 stk-block stk-e58e2fc\" id=\"proceso\" data-block-id=\"e58e2fc\"><style>.stk-e58e2fc {margin-bottom:30px !important;}<\/style><h2 class=\"stk-block-heading__text has-text-align-center\">Proceso<\/h2><\/div>\n\n\n\n<p class=\"\">Mi sistema de trabajo te permite maximizar tu inversi\u00f3n brind\u00e1ndote una gran flexibilidad para elegir las fotos finales. La inversi\u00f3n definida en el contrato cubre mis honorarios por hora. Despu\u00e9s de la sesi\u00f3n de fotos, podr\u00e1s comprar copias digitales de alta resoluci\u00f3n y una amplia variedad de productos impresos con tus im\u00e1genes favoritas<sup data-fn=\"fb2f58f3-6fde-4ba4-ae2b-251006d10272\" class=\"fn\"><a href=\"#fb2f58f3-6fde-4ba4-ae2b-251006d10272\" id=\"fb2f58f3-6fde-4ba4-ae2b-251006d10272-link\">1<\/a><\/sup>. As\u00ed es como funciona:<\/p>\n\n\n\n<div class=\"nfd-container nfd-p-lg nfd-theme-white nfd-bg-surface nfd-wb-features__features-13 is-style-nfd-theme-white wp-block-group is-layout-constrained wp-block-group-is-layout-constrained\" style=\"padding-top:40px;padding-bottom:40px\">\n<div class=\"wp-block-group is-vertical is-layout-flex wp-container-core-group-is-layout-fe9cc265 wp-block-group-is-layout-flex\">\n<div class=\"nfd-text-base nfd-gap-md nfd-gap-y-xl wp-block-columns is-layout-flex wp-container-core-columns-is-layout-28f84493 wp-block-columns-is-layout-flex\">\n<div class=\"wp-block-column is-layout-flow wp-block-column-is-layout-flow\">\n<div class=\"nfd-p-card-square nfd-rounded nfd-gap-md nfd-theme-light nfd-bg-surface is-style-nfd-theme-light wp-block-group is-vertical is-content-justification-center is-layout-flex wp-container-core-group-is-layout-ce155fab wp-block-group-is-layout-flex\">\n<h2 class=\"nfd-text-xl nfd-text-primary nfd-text-balance wp-block-heading has-text-align-center\"><span style=\"color: var(--theme-palette-color-1, #094A86);\" class=\"stk-highlight\"><strong>1<\/strong><\/span><\/h2>\n\n\n\n<h4 class=\"wp-block-heading\"><span style=\"color: var(--theme-palette-color-1, #094A86);\" class=\"stk-highlight\">Ponte en contacto<\/span><\/h4>\n\n\n\n<p class=\"nfd-text-balance nfd-text-faded  has-text-align-left\">Env\u00edame un correo electr\u00f3nico con una breve descripci\u00f3n del proyecto que tienes en mente. Tambi\u00e9n puedes llamarme o textearme al (984) 401-0050. Responder\u00e9 dentro de 24 horas.<\/p>\n<\/div>\n<\/div>\n\n\n\n<div class=\"wp-block-column is-layout-flow wp-block-column-is-layout-flow\">\n<div class=\"nfd-p-card-square nfd-rounded nfd-gap-md wp-block-group is-vertical is-content-justification-center is-layout-flex wp-container-core-group-is-layout-ce155fab wp-block-group-is-layout-flex\">\n<h2 class=\"nfd-text-xl nfd-text-primary nfd-text-balance wp-block-heading has-text-align-center\"><span style=\"color: var(--theme-palette-color-1, #094A86);\" class=\"stk-highlight\"><strong>2<\/strong><\/span><\/h2>\n\n\n\n<h4 class=\"wp-block-heading has-text-align-center\"><span style=\"color: var(--theme-palette-color-1, #094A86);\" class=\"stk-highlight\">Consulta inicial<\/span><\/h4>\n\n\n\n<p class=\"nfd-text-balance nfd-text-faded  has-text-align-left\">Agendar\u00e9 una consulta inicial mediante llamada telef\u00f3nica o videoconferencia para que hablemos de los detalles de tu proyecto. Y no te preocupes, esta llamada es gratis (no soy abogado).<\/p>\n<\/div>\n<\/div>\n\n\n\n<div class=\"wp-block-column is-layout-flow wp-block-column-is-layout-flow\">\n<div class=\"nfd-p-card-square nfd-rounded nfd-gap-md nfd-theme-light nfd-bg-surface is-style-nfd-theme-light wp-block-group is-vertical is-content-justification-center is-layout-flex wp-container-core-group-is-layout-ce155fab wp-block-group-is-layout-flex\">\n<h2 class=\"nfd-text-xl nfd-text-primary nfd-text-balance wp-block-heading has-text-align-center\"><span style=\"color: var(--theme-palette-color-1, #094A86);\" class=\"stk-highlight\"><strong>3<\/strong><\/span><\/h2>\n\n\n\n<h4 class=\"wp-block-heading has-text-align-center\"><span style=\"color: var(--theme-palette-color-1, #094A86);\" class=\"stk-highlight\">Revisa el contrato<\/span><\/h4>\n\n\n\n<p class=\"nfd-text-balance nfd-text-faded  has-text-align-left\">Te enviar\u00e9 un borrador del contrato con informaci\u00f3n personal, los detalles de la sesi\u00f3n de fotos y los t\u00e9rminos de servicio. Podemos hacer modificaciones seg\u00fan sea necesario.<\/p>\n<\/div>\n<\/div>\n<\/div>\n\n\n\n<div class=\"nfd-text-base nfd-gap-md nfd-gap-y-xl wp-block-columns is-layout-flex wp-container-core-columns-is-layout-28f84493 wp-block-columns-is-layout-flex\">\n<div class=\"wp-block-column is-layout-flow wp-block-column-is-layout-flow\">\n<div class=\"nfd-p-card-square nfd-rounded nfd-gap-md wp-block-group is-vertical is-content-justification-center is-layout-flex wp-container-core-group-is-layout-ce155fab wp-block-group-is-layout-flex\">\n<h2 class=\"nfd-text-xl nfd-text-primary nfd-text-balance wp-block-heading has-text-align-center\"><span style=\"color: var(--theme-palette-color-1, #094A86);\" class=\"stk-highlight\"><strong>4<\/strong><\/span><\/h2>\n\n\n\n<h4 class=\"wp-block-heading has-text-align-center\"><span style=\"color: var(--theme-palette-color-1, #094A86);\" class=\"stk-highlight\">Paga el anticipo<\/span><\/h4>\n\n\n\n<p class=\"nfd-text-balance nfd-text-faded  has-text-align-left\">Una vez acordados los t\u00e9rminos del contrato, paga el anticipo para confirmar la sesi\u00f3n. Esta tarifa cubre la sesi\u00f3n misma y la edici\u00f3n b\u00e1sica de tus fotos. Si eliges un <a href=\"https:\/\/website-db6d6631.ujk.joe.mybluehost.me\/es\/servicios\/\">paquete fijo<\/a>, la tarifa tambi\u00e9n incluir\u00e1 tus fotos.<\/p>\n<\/div>\n<\/div>\n\n\n\n<div class=\"wp-block-column is-layout-flow wp-block-column-is-layout-flow\">\n<div class=\"nfd-p-card-square nfd-rounded nfd-gap-md nfd-theme-light nfd-bg-surface is-style-nfd-theme-light wp-block-group is-vertical is-content-justification-center is-layout-flex wp-container-core-group-is-layout-ce155fab wp-block-group-is-layout-flex\">\n<h2 class=\"nfd-text-xl nfd-text-primary nfd-text-balance wp-block-heading has-text-align-center\"><span style=\"color: var(--theme-palette-color-1, #094A86);\" class=\"stk-highlight\"><strong>5<\/strong><\/span><\/h2>\n\n\n\n<h4 class=\"wp-block-heading has-text-align-center\"><span style=\"color: var(--theme-palette-color-1, #094A86);\" class=\"stk-highlight\">D\u00eda de la sesi\u00f3n<\/span><\/h4>\n\n\n\n<p class=\"nfd-text-balance nfd-text-faded  has-text-align-left\">Antes de la sesi\u00f3n, te enviar\u00e9 instrucciones detalladas para asegurarnos de aprovechar nuestro tiempo al m\u00e1ximo.\u00a0El d\u00eda de la sesi\u00f3n, firmaremos las copias impresas del contrato y luego nos divertiremos haciendo fotos.<\/p>\n<\/div>\n<\/div>\n\n\n\n<div class=\"wp-block-column is-layout-flow wp-block-column-is-layout-flow\">\n<div class=\"nfd-p-card-square nfd-rounded nfd-gap-md wp-block-group is-vertical is-content-justification-center is-layout-flex wp-container-core-group-is-layout-ce155fab wp-block-group-is-layout-flex\">\n<h2 class=\"nfd-text-xl nfd-text-primary nfd-text-balance wp-block-heading has-text-align-center\"><span style=\"color: var(--theme-palette-color-1, #094A86);\" class=\"stk-highlight\"><strong>6<\/strong><\/span><\/h2>\n\n\n\n<h4 class=\"wp-block-heading has-text-align-center\"><span style=\"color: var(--theme-palette-color-1, #094A86);\" class=\"stk-highlight\">\u00a1Disfruta las fotos!<\/span><\/h4>\n\n\n\n<p class=\"nfd-text-balance nfd-text-faded  has-text-align-left\">Te enviar\u00e9 un enlace a una galer\u00eda curada, donde podr\u00e1s comprar copias digitales y una gran variedad de productos. Elige tantas fotos como quieras.\u00a0\u00a1Tambi\u00e9n puedes compartir la galer\u00eda con familiares y amigos!<\/p>\n<\/div>\n<\/div>\n<\/div>\n<\/div>\n<\/div>\n\n\n\n<p class=\"\"><\/p>\n\n\n<ol class=\"wp-block-footnotes\"><li id=\"fb2f58f3-6fde-4ba4-ae2b-251006d10272\">La excepci\u00f3n son los <a href=\"https:\/\/juliogalindo.com\/es\/servicios\/\">paquetes fijos<\/a>, en los que la inversi\u00f3n incluye las fotos definidas en el paquete. <a href=\"#fb2f58f3-6fde-4ba4-ae2b-251006d10272-link\" aria-label=\"Jump to footnote reference 1\">\u21a9\ufe0e<\/a><\/li><\/ol>\n\n\n<p class=\"\"><\/p>\n","protected":false},"excerpt":{"rendered":"<p>Proceso Mi sistema de trabajo te permite maximizar tu inversi\u00f3n brind\u00e1ndote una gran flexibilidad para elegir las fotos finales. La inversi\u00f3n definida en el contrato cubre mis honorarios por hora. Despu\u00e9s de la sesi\u00f3n de fotos, podr\u00e1s comprar copias digitales de alta resoluci\u00f3n y una amplia variedad de productos impresos con tus im\u00e1genes favoritas. As\u00ed [&hellip;]<\/p>\n","protected":false},"author":1,"featured_media":0,"parent":0,"menu_order":0,"comment_status":"closed","ping_status":"closed","template":"","meta":{"nf_dc_page":"","footnotes":"[{\"content\":\"La excepci\u00f3n son los <a href=\\\"https:\/\/juliogalindo.com\/es\/servicios\/\\\">paquetes fijos<\/a>, en los que la inversi\u00f3n incluye las fotos definidas en el paquete.\",\"id\":\"fb2f58f3-6fde-4ba4-ae2b-251006d10272\"}]"},"class_list":["post-4084","page","type-page","status-publish","hentry"],"blocksy_meta":[],"_links":{"self":[{"href":"https:\/\/juliogalindo.com\/es\/wp-json\/wp\/v2\/pages\/4084","targetHints":{"allow":["GET"]}}],"collection":[{"href":"https:\/\/juliogalindo.com\/es\/wp-json\/wp\/v2\/pages"}],"about":[{"href":"https:\/\/juliogalindo.com\/es\/wp-json\/wp\/v2\/types\/page"}],"author":[{"embeddable":true,"href":"https:\/\/juliogalindo.com\/es\/wp-json\/wp\/v2\/users\/1"}],"replies":[{"embeddable":true,"href":"https:\/\/juliogalindo.com\/es\/wp-json\/wp\/v2\/comments?post=4084"}],"version-history":[{"count":19,"href":"https:\/\/juliogalindo.com\/es\/wp-json\/wp\/v2\/pages\/4084\/revisions"}],"predecessor-version":[{"id":4674,"href":"https:\/\/juliogalindo.com\/es\/wp-json\/wp\/v2\/pages\/4084\/revisions\/4674"}],"wp:attachment":[{"href":"https:\/\/juliogalindo.com\/es\/wp-json\/wp\/v2\/media?parent=4084"}],"curies":[{"name":"wp","href":"https:\/\/api.w.org\/{rel}","templated":true}]}}