{"id":3753,"date":"2024-09-15T17:49:35","date_gmt":"2024-09-15T21:49:35","guid":{"rendered":"https:\/\/website-db6d6631.ujk.joe.mybluehost.me\/es\/?page_id=3753"},"modified":"2024-10-20T12:26:30","modified_gmt":"2024-10-20T16:26:30","slug":"astrofotografia","status":"publish","type":"page","link":"https:\/\/juliogalindo.com\/es\/astrofotografia\/","title":{"rendered":"Astrofotograf\u00eda"},"content":{"rendered":"\n<div class=\"wp-block-stackable-heading stk-block-heading stk-block-heading--v2 stk-block stk-9bd6290\" id=\"astrofotografia\" data-block-id=\"9bd6290\"><style>.stk-9bd6290 {margin-bottom:80px !important;}<\/style><h1 class=\"stk-block-heading__text has-text-align-center\">Astrofotograf\u00eda<\/h1><\/div>\n\n\n\n<div class=\"wp-block-columns is-not-stacked-on-mobile is-layout-flex wp-container-core-columns-is-layout-38eba200 wp-block-columns-is-layout-flex\" style=\"margin-top:0px;margin-bottom:0px;padding-top:0px;padding-bottom:0px\">\n<div class=\"wp-block-column is-layout-flow wp-block-column-is-layout-flow\" style=\"flex-basis:100%\">\n<div class=\"wp-block-stackable-columns stk-block-columns stk-block stk-91f68fa\" data-block-id=\"91f68fa\"><style>.stk-91f68fa {margin-bottom:0px !important;}.stk-91f68fa-column{--stk-columns-spacing:2px !important;}<\/style><div class=\"stk-row stk-inner-blocks stk-block-content stk-content-align stk-91f68fa-column\">\n<div class=\"wp-block-stackable-column stk-block-column stk-column stk-block stk-c491515\" data-v=\"4\" data-block-id=\"c491515\"><div class=\"stk-column-wrapper stk-block-column__content stk-container stk-c491515-container stk--no-background stk--no-padding\"><div class=\"stk-block-content stk-inner-blocks stk-c491515-inner-blocks\">\n<div class=\"wp-block-stackable-image stk-block-image stk-block stk-cbef1cb\" data-block-id=\"cbef1cb\"><style>.stk-cbef1cb .stk-img-figcaption{color:#ffffff !important;}.stk-cbef1cb .stk-img-wrapper{aspect-ratio:3\/2 !important;height:auto !important;}@media screen and (max-width:999px){.stk-cbef1cb .stk-img-wrapper{height:auto !important;}}@media screen and (max-width:689px){.stk-cbef1cb .stk-img-wrapper{height:auto !important;}}<\/style><figure><span class=\"stk-img-wrapper stk-image--shape-stretch\"><img loading=\"lazy\" decoding=\"async\" class=\"stk-img wp-image-3755\" src=\"https:\/\/website-db6d6631.ujk.joe.mybluehost.me\/es\/wp-content\/uploads\/2024\/09\/Anillo-de-diamantes-S.png\" width=\"988\" height=\"672\" srcset=\"https:\/\/juliogalindo.com\/es\/wp-content\/uploads\/2024\/09\/Anillo-de-diamantes-S.png 988w, https:\/\/juliogalindo.com\/es\/wp-content\/uploads\/2024\/09\/Anillo-de-diamantes-S-300x204.png 300w, https:\/\/juliogalindo.com\/es\/wp-content\/uploads\/2024\/09\/Anillo-de-diamantes-S-768x522.png 768w, https:\/\/juliogalindo.com\/es\/wp-content\/uploads\/2024\/09\/Anillo-de-diamantes-S-750x510.png 750w\" sizes=\"auto, (max-width: 988px) 100vw, 988px\" \/><\/span><\/figure><\/div>\n<\/div><\/div><\/div>\n\n\n\n<div class=\"wp-block-stackable-column stk-block-column stk-column stk-block stk-0bfff4b\" data-v=\"4\" data-block-id=\"0bfff4b\"><div class=\"stk-column-wrapper stk-block-column__content stk-container stk-0bfff4b-container stk--no-background stk--no-padding\"><div class=\"stk-block-content stk-inner-blocks stk-0bfff4b-inner-blocks\">\n<div class=\"wp-block-stackable-image stk-block-image stk-block stk-485adeb\" data-block-id=\"485adeb\"><style>.stk-485adeb .stk-img-wrapper{aspect-ratio:3\/2 !important;height:auto !important;}@media screen and (max-width:999px){.stk-485adeb .stk-img-wrapper{height:auto !important;}}@media screen and (max-width:689px){.stk-485adeb .stk-img-wrapper{height:auto !important;}}<\/style><figure><span class=\"stk-img-wrapper stk-image--shape-stretch\"><img loading=\"lazy\" decoding=\"async\" class=\"stk-img wp-image-3756\" src=\"https:\/\/website-db6d6631.ujk.joe.mybluehost.me\/es\/wp-content\/uploads\/2024\/09\/Corona-HDR-S-1.png\" width=\"1013\" height=\"645\" srcset=\"https:\/\/juliogalindo.com\/es\/wp-content\/uploads\/2024\/09\/Corona-HDR-S-1.png 1013w, https:\/\/juliogalindo.com\/es\/wp-content\/uploads\/2024\/09\/Corona-HDR-S-1-300x191.png 300w, https:\/\/juliogalindo.com\/es\/wp-content\/uploads\/2024\/09\/Corona-HDR-S-1-768x489.png 768w, https:\/\/juliogalindo.com\/es\/wp-content\/uploads\/2024\/09\/Corona-HDR-S-1-750x478.png 750w\" sizes=\"auto, (max-width: 1013px) 100vw, 1013px\" \/><\/span><\/figure><\/div>\n<\/div><\/div><\/div>\n\n\n\n<div class=\"wp-block-stackable-column stk-block-column stk-column stk-block stk-8bbf284\" data-v=\"4\" data-block-id=\"8bbf284\"><div class=\"stk-column-wrapper stk-block-column__content stk-container stk-8bbf284-container stk--no-background stk--no-padding\"><div class=\"stk-block-content stk-inner-blocks stk-8bbf284-inner-blocks\">\n<div class=\"wp-block-stackable-image stk-block-image stk-block stk-d4ea032\" data-block-id=\"d4ea032\"><style>.stk-d4ea032 .stk-img-wrapper{aspect-ratio:3\/2 !important;height:auto !important;}@media screen and (max-width:999px){.stk-d4ea032 .stk-img-wrapper{height:auto !important;}}@media screen and (max-width:689px){.stk-d4ea032 .stk-img-wrapper{height:auto !important;}}<\/style><figure><span class=\"stk-img-wrapper stk-image--shape-stretch\"><img loading=\"lazy\" decoding=\"async\" class=\"stk-img wp-image-3760\" src=\"https:\/\/website-db6d6631.ujk.joe.mybluehost.me\/es\/wp-content\/uploads\/2024\/09\/Prominencias-S.png\" width=\"924\" height=\"628\" srcset=\"https:\/\/juliogalindo.com\/es\/wp-content\/uploads\/2024\/09\/Prominencias-S.png 924w, https:\/\/juliogalindo.com\/es\/wp-content\/uploads\/2024\/09\/Prominencias-S-300x204.png 300w, https:\/\/juliogalindo.com\/es\/wp-content\/uploads\/2024\/09\/Prominencias-S-768x522.png 768w, https:\/\/juliogalindo.com\/es\/wp-content\/uploads\/2024\/09\/Prominencias-S-750x510.png 750w\" sizes=\"auto, (max-width: 924px) 100vw, 924px\" \/><\/span><\/figure><\/div>\n<\/div><\/div><\/div>\n<\/div><\/div>\n<\/div>\n<\/div>\n\n\n\n<div class=\"wp-block-stackable-columns stk-block-columns stk-block stk-d818d21\" data-block-id=\"d818d21\"><style>.stk-d818d21 {margin-bottom:0px !important;}<\/style><div class=\"stk-row stk-inner-blocks stk-block-content stk-content-align stk-d818d21-column\">\n<div class=\"wp-block-stackable-column stk-block-column stk-column stk-block stk-8af59f7\" data-v=\"4\" data-block-id=\"8af59f7\"><style>.stk-8af59f7-container{padding-top:0px !important;padding-right:nullpx !important;padding-bottom:0px !important;padding-left:nullpx !important;}<\/style><div class=\"stk-column-wrapper stk-block-column__content stk-container stk-8af59f7-container stk--no-background stk--no-padding\"><div class=\"stk-block-content stk-inner-blocks stk-8af59f7-inner-blocks\">\n<div class=\"wp-block-stackable-columns stk-block-columns stk-block stk-39af8b8\" data-block-id=\"39af8b8\"><style>.stk-39af8b8 {padding-top:0px !important;padding-right:0px !important;padding-bottom:0px !important;padding-left:0px !important;}.stk-39af8b8-column{--stk-columns-spacing:2px !important;--stk-column-gap:0px !important;row-gap:0px !important;}<\/style><div class=\"stk-row stk-inner-blocks stk-block-content stk-content-align stk-39af8b8-column\">\n<div class=\"wp-block-stackable-column stk-block-column stk-column stk-block stk-7f8f6f4\" data-v=\"4\" data-block-id=\"7f8f6f4\"><div class=\"stk-column-wrapper stk-block-column__content stk-container stk-7f8f6f4-container stk--no-background stk--no-padding\"><div class=\"stk-block-content stk-inner-blocks stk-7f8f6f4-inner-blocks\">\n<div class=\"wp-block-stackable-image stk-block-image stk-block stk-75b11cf\" data-block-id=\"75b11cf\"><figure><span class=\"stk-img-wrapper stk-image--shape-stretch\"><img loading=\"lazy\" decoding=\"async\" class=\"stk-img wp-image-3757\" src=\"https:\/\/website-db6d6631.ujk.joe.mybluehost.me\/es\/wp-content\/uploads\/2024\/09\/Eclipse-anular-1-S.png\" width=\"1000\" height=\"667\" srcset=\"https:\/\/juliogalindo.com\/es\/wp-content\/uploads\/2024\/09\/Eclipse-anular-1-S.png 1000w, https:\/\/juliogalindo.com\/es\/wp-content\/uploads\/2024\/09\/Eclipse-anular-1-S-300x200.png 300w, https:\/\/juliogalindo.com\/es\/wp-content\/uploads\/2024\/09\/Eclipse-anular-1-S-768x512.png 768w, https:\/\/juliogalindo.com\/es\/wp-content\/uploads\/2024\/09\/Eclipse-anular-1-S-750x500.png 750w\" sizes=\"auto, (max-width: 1000px) 100vw, 1000px\" \/><\/span><\/figure><\/div>\n<\/div><\/div><\/div>\n\n\n\n<div class=\"wp-block-stackable-column stk-block-column stk-column stk-block stk-28b7d18\" data-v=\"4\" data-block-id=\"28b7d18\"><div class=\"stk-column-wrapper stk-block-column__content stk-container stk-28b7d18-container stk--no-background stk--no-padding\"><div class=\"stk-block-content stk-inner-blocks stk-28b7d18-inner-blocks\">\n<div class=\"wp-block-stackable-image stk-block-image stk-block stk-8de1d76\" data-block-id=\"8de1d76\"><figure><span class=\"stk-img-wrapper stk-image--shape-stretch\"><img loading=\"lazy\" decoding=\"async\" class=\"stk-img wp-image-3758\" src=\"https:\/\/website-db6d6631.ujk.joe.mybluehost.me\/es\/wp-content\/uploads\/2024\/09\/Eclipse-anular-2-S.png\" width=\"1000\" height=\"667\" srcset=\"https:\/\/juliogalindo.com\/es\/wp-content\/uploads\/2024\/09\/Eclipse-anular-2-S.png 1000w, https:\/\/juliogalindo.com\/es\/wp-content\/uploads\/2024\/09\/Eclipse-anular-2-S-300x200.png 300w, https:\/\/juliogalindo.com\/es\/wp-content\/uploads\/2024\/09\/Eclipse-anular-2-S-768x512.png 768w, https:\/\/juliogalindo.com\/es\/wp-content\/uploads\/2024\/09\/Eclipse-anular-2-S-750x500.png 750w\" sizes=\"auto, (max-width: 1000px) 100vw, 1000px\" \/><\/span><\/figure><\/div>\n<\/div><\/div><\/div>\n\n\n\n<div class=\"wp-block-stackable-column stk-block-column stk-column stk-block stk-1bc8903\" data-v=\"4\" data-block-id=\"1bc8903\"><div class=\"stk-column-wrapper stk-block-column__content stk-container stk-1bc8903-container stk--no-background stk--no-padding\"><div class=\"stk-block-content stk-inner-blocks stk-1bc8903-inner-blocks\">\n<div class=\"wp-block-stackable-image stk-block-image stk-block stk-a119cad\" data-block-id=\"a119cad\"><figure><span class=\"stk-img-wrapper stk-image--shape-stretch\"><img loading=\"lazy\" decoding=\"async\" class=\"stk-img wp-image-3759\" src=\"https:\/\/website-db6d6631.ujk.joe.mybluehost.me\/es\/wp-content\/uploads\/2024\/09\/Eclipse-anular-3-S.png\" width=\"1000\" height=\"667\" srcset=\"https:\/\/juliogalindo.com\/es\/wp-content\/uploads\/2024\/09\/Eclipse-anular-3-S.png 1000w, https:\/\/juliogalindo.com\/es\/wp-content\/uploads\/2024\/09\/Eclipse-anular-3-S-300x200.png 300w, https:\/\/juliogalindo.com\/es\/wp-content\/uploads\/2024\/09\/Eclipse-anular-3-S-768x512.png 768w, https:\/\/juliogalindo.com\/es\/wp-content\/uploads\/2024\/09\/Eclipse-anular-3-S-750x500.png 750w\" sizes=\"auto, (max-width: 1000px) 100vw, 1000px\" \/><\/span><\/figure><\/div>\n<\/div><\/div><\/div>\n<\/div><\/div>\n<\/div><\/div><\/div>\n<\/div><\/div>\n\n\n\n<div class=\"wp-block-stackable-spacer stk-block-spacer stk--no-padding stk-block stk-9a37ef1\" data-block-id=\"9a37ef1\"><\/div>\n\n\n\n<p class=\"\">Las maravillas del Universo me han fascinado desde que era adolescente. La fotograf\u00eda me permite capturar, retener y revivir momentos especiales, como los \u00faltimos eclipses solares sobre Estados Unidos. Las im\u00e1genes superiores muestran diferentes caracter\u00edsticas del eclipse total de Sol total del 8 de abril de 2024, que coincidi\u00f3 con el pico de actividad solar en su ciclo actual. Las prominencias y la corona fueron realmente espectaculares. Las im\u00e1genes inferiores muestran tres etapas del eclipse anular de Sol del 14 de octubre de 2023, que ofreci\u00f3 una oportunidad \u00fanica para presenciar el anillo de fuego.<\/p>\n\n\n\n<div class=\"is-style-default wp-block-stackable-call-to-action stk-block-call-to-action stk-block stk-e1fae10\" data-v=\"2\" data-block-id=\"e1fae10\"><div class=\"stk-block-call-to-action__content stk-content-align stk-e1fae10-column stk-container stk-e1fae10-container stk-hover-parent\"><div class=\"has-text-align-center stk-block-content stk-inner-blocks stk-e1fae10-inner-blocks\">\n<div class=\"wp-block-stackable-heading stk-block-heading stk-block-heading--v2 stk-block stk-d887b26\" id=\"espera-hay-mas-contenido-de-astrofotografia\" data-block-id=\"d887b26\"><h3 class=\"stk-block-heading__text\">Espera, hay m\u00e1s contenido de astrofotograf\u00eda<\/h3><\/div>\n\n\n\n<div class=\"wp-block-stackable-text stk-block-text stk-block stk-c123c3a\" data-block-id=\"c123c3a\"><style>.stk-c123c3a {max-width:80% !important;min-width:auto !important;margin-right:auto !important;margin-left:auto !important;}<\/style><p class=\"stk-block-text__text has-text-align-center\">Te invito a visitar mi blog y leer mis art\u00edculos sobre astrofotograf\u00eda.<\/p><\/div>\n\n\n\n<div class=\"wp-block-stackable-button-group stk-block-button-group stk-block stk-e7b5736\" data-block-id=\"e7b5736\"><style>.stk-e7b5736 .stk-button-group{flex-direction:row !important;}@media screen and (max-width:999px){.stk-e7b5736 .stk-button-group{flex-direction:row !important;}}@media screen and (max-width:689px){.stk-e7b5736 .stk-button-group{flex-direction:row !important;}}<\/style><div class=\"stk-row stk-inner-blocks stk-block-content stk-button-group\">\n<div class=\" wp-block-stackable-button stk-block-button stk-block stk-ead2f98\" data-block-id=\"ead2f98\"><style>.stk-ead2f98 .stk-button:hover:after{background:var(--theme-palette-color-1, #094A86) !important;opacity:1 !important;}.stk-ead2f98 .stk-button__inner-text{font-size:12px !important;font-weight:600 !important;text-transform:uppercase !important;}.stk-ead2f98 .stk-button:hover .stk-button__inner-text{color:var(--theme-palette-color-7, #ffffff) !important;}@media screen and (max-width:999px){.stk-ead2f98 .stk-button__inner-text{font-size:12px !important;}}<\/style><a class=\"stk-link stk-button stk--hover-effect-darken\" href=\"https:\/\/blog.juliogalindo.com\/es\/category\/astrofotografia\/\" target=\"_blank\" rel=\"noreferrer noopener\"><span class=\"stk-button__inner-text\">Lee mis art\u00edculos<\/span><\/a><\/div>\n<\/div><\/div>\n<\/div><\/div><\/div>\n\n\n\n<div class=\"wp-block-stackable-spacer stk-block-spacer stk--no-padding stk-block stk-41b3078\" data-block-id=\"41b3078\"><\/div>\n\n\n\n<div class=\"wp-block-stackable-heading stk-block-heading stk-block-heading--v2 stk-block stk-17fcd8e\" id=\"puede-que-tambien-te-guste\" data-block-id=\"17fcd8e\"><h3 class=\"stk-block-heading__text has-text-align-left\">Puede que tambi\u00e9n te guste<\/h3><\/div>\n\n\n\n<div class=\"wp-block-stackable-columns stk-block-columns stk-block stk-b9c8864\" data-block-id=\"b9c8864\"><style>.stk-b9c8864 {padding-top:0px !important;padding-right:0px !important;padding-bottom:0px !important;padding-left:0px !important;margin-bottom:0px !important;}.stk-b9c8864-column{--stk-columns-spacing:0px !important;}<\/style><div class=\"stk-row stk-inner-blocks stk-block-content stk-content-align stk-b9c8864-column\">\n<div class=\"wp-block-stackable-column stk-block-column stk-column stk-block stk-e30fcda\" data-v=\"4\" data-block-id=\"e30fcda\"><style>.stk-e30fcda-container{margin-top:3px !important;margin-right:3px !important;margin-bottom:3px !important;margin-left:3px !important;}.stk-e30fcda {align-self:center !important;}<\/style><div class=\"stk-column-wrapper stk-block-column__content stk-container stk-e30fcda-container stk--no-background stk--no-padding\"><div class=\"has-text-align-center stk-block-content stk-inner-blocks stk-e30fcda-inner-blocks\">\n<div class=\"is-style-default wp-block-stackable-image-box stk-block-image-box stk-hover-parent stk-block stk-ce368e1\" data-block-id=\"ce368e1\"><div class=\"stk-block-content stk-inner-blocks has-text-align-center stk-row stk-block-image-box__content\">\n<div class=\"wp-block-stackable-image stk-block-image stk-block stk-51e3cf2\" data-block-id=\"51e3cf2\"><style>.stk-51e3cf2 .stk-img-wrapper{aspect-ratio:4\/3 !important;height:auto !important;}:where(.stk-hover-parent:hover,  .stk-hover-parent.stk--is-hovered) .stk-51e3cf2 .stk-img-wrapper::after{background-color:var(--theme-palette-color-4, #111518) !important;}:where(.stk-hover-parent:hover,  .stk-hover-parent.stk--is-hovered) .stk-51e3cf2 .stk-img-wrapper{--stk-gradient-overlay:0.7 !important;}@media screen and (max-width:999px){.stk-51e3cf2 .stk-img-wrapper{height:auto !important;}}@media screen and (max-width:689px){.stk-51e3cf2 .stk-img-wrapper{height:auto !important;}}<\/style><figure><span class=\"stk-img-wrapper stk-image--shape-stretch\"><img loading=\"lazy\" decoding=\"async\" class=\"stk-img wp-image-3481\" src=\"https:\/\/website-db6d6631.ujk.joe.mybluehost.me\/es\/wp-content\/uploads\/2024\/09\/Portraits-2-edited.png\" width=\"720\" height=\"540\" srcset=\"https:\/\/juliogalindo.com\/es\/wp-content\/uploads\/2024\/09\/Portraits-2-edited.png 720w, https:\/\/juliogalindo.com\/es\/wp-content\/uploads\/2024\/09\/Portraits-2-edited-300x225.png 300w, https:\/\/juliogalindo.com\/es\/wp-content\/uploads\/2024\/09\/Portraits-2-edited-500x375.png 500w\" sizes=\"auto, (max-width: 720px) 100vw, 720px\" \/><\/span><\/figure><\/div>\n\n\n\n<div class=\"wp-block-stackable-column stk-block-column stk-column stk-block stk-8907477\" data-v=\"4\" data-block-id=\"8907477\"><style>.stk-8907477 {align-items:center !important;display:flex !important;}<\/style><div class=\"stk-column-wrapper stk-block-column__content stk-container stk-8907477-container stk--no-background stk--no-padding\"><div class=\"stk-block-content stk-inner-blocks stk-8907477-inner-blocks\">\n<div class=\"wp-block-stackable-text stk-block-text stk-block stk-1a46787\" data-block-id=\"1a46787\"><style>.stk-1a46787 {opacity:0 !important;}:where(.stk-hover-parent:hover,  .stk-hover-parent.stk--is-hovered) .stk-1a46787{opacity:1 !important;}.stk-1a46787 .stk-block-text__text{font-size:25px !important;color:#FFFFFF !important;font-weight:600 !important;}@media screen and (max-width:999px){.stk-1a46787 .stk-block-text__text{font-size:25px !important;}}<\/style><p class=\"stk-block-text__text has-text-color has-white-color\">Retratos<\/p><\/div>\n<\/div><a class=\"stk-link stk-block-link stk--transparent-overlay\" href=\"https:\/\/juliogalindo.com\/es\/retratos\/\" aria-hidden=\"true\" tabindex=\"-1\"><\/a><\/div><\/div>\n<\/div><\/div>\n<\/div><\/div><\/div>\n\n\n\n<div class=\"wp-block-stackable-column stk-block-column stk-column stk-block stk-bd51ccb\" data-v=\"4\" data-block-id=\"bd51ccb\"><style>.stk-bd51ccb-container{margin-top:3px !important;margin-right:3px !important;margin-bottom:3px !important;margin-left:3px !important;}.stk-bd51ccb {align-self:center !important;}<\/style><div class=\"stk-column-wrapper stk-block-column__content stk-container stk-bd51ccb-container stk--no-background stk--no-padding\"><div class=\"has-text-align-center stk-block-content stk-inner-blocks stk-bd51ccb-inner-blocks\">\n<div class=\"is-style-default wp-block-stackable-image-box stk-block-image-box stk-hover-parent stk-block stk-7aca0ea\" data-block-id=\"7aca0ea\"><div class=\"stk-block-content stk-inner-blocks has-text-align-center stk-row stk-block-image-box__content\">\n<div class=\"wp-block-stackable-image stk-block-image stk-block stk-867bdde\" data-block-id=\"867bdde\"><style>.stk-867bdde .stk-img-wrapper{aspect-ratio:4\/3 !important;height:auto !important;}:where(.stk-hover-parent:hover,  .stk-hover-parent.stk--is-hovered) .stk-867bdde .stk-img-wrapper::after{background-color:var(--theme-palette-color-4, #111518) !important;}:where(.stk-hover-parent:hover,  .stk-hover-parent.stk--is-hovered) .stk-867bdde .stk-img-wrapper{--stk-gradient-overlay:0.7 !important;}@media screen and (max-width:999px){.stk-867bdde .stk-img-wrapper{height:auto !important;}}@media screen and (max-width:689px){.stk-867bdde .stk-img-wrapper{height:auto !important;}}<\/style><figure><span class=\"stk-img-wrapper stk-image--shape-stretch\"><img loading=\"lazy\" decoding=\"async\" class=\"stk-img wp-image-3477\" src=\"https:\/\/website-db6d6631.ujk.joe.mybluehost.me\/es\/wp-content\/uploads\/2024\/09\/lbas-7.jpg\" width=\"900\" height=\"600\" srcset=\"https:\/\/juliogalindo.com\/es\/wp-content\/uploads\/2024\/09\/lbas-7.jpg 900w, https:\/\/juliogalindo.com\/es\/wp-content\/uploads\/2024\/09\/lbas-7-300x200.jpg 300w, https:\/\/juliogalindo.com\/es\/wp-content\/uploads\/2024\/09\/lbas-7-768x512.jpg 768w, https:\/\/juliogalindo.com\/es\/wp-content\/uploads\/2024\/09\/lbas-7-750x500.jpg 750w\" sizes=\"auto, (max-width: 900px) 100vw, 900px\" \/><\/span><\/figure><\/div>\n\n\n\n<div class=\"wp-block-stackable-column stk-block-column stk-column stk-block stk-8c69840\" data-v=\"4\" data-block-id=\"8c69840\"><style>.stk-8c69840 {align-items:center !important;display:flex !important;}<\/style><div class=\"stk-column-wrapper stk-block-column__content stk-container stk-8c69840-container stk--no-background stk--no-padding\"><div class=\"stk-block-content stk-inner-blocks stk-8c69840-inner-blocks\">\n<div class=\"wp-block-stackable-text stk-block-text stk-block stk-8c930c0\" data-block-id=\"8c930c0\"><style>.stk-8c930c0 {opacity:0 !important;}:where(.stk-hover-parent:hover,  .stk-hover-parent.stk--is-hovered) .stk-8c930c0{opacity:1 !important;}.stk-8c930c0 .stk-block-text__text{font-size:25px !important;color:#FFFFFF !important;font-weight:600 !important;}@media screen and (max-width:999px){.stk-8c930c0 .stk-block-text__text{font-size:25px !important;}}<\/style><p class=\"stk-block-text__text has-text-color has-white-color\">Aviaci\u00f3n<\/p><\/div>\n<\/div><a class=\"stk-link stk-block-link stk--transparent-overlay\" href=\"https:\/\/juliogalindo.com\/es\/aviacion\/\" aria-hidden=\"true\" tabindex=\"-1\"><\/a><\/div><\/div>\n<\/div><\/div>\n<\/div><\/div><\/div>\n\n\n\n<div class=\"wp-block-stackable-column stk-block-column stk-column stk-block stk-13d80ae\" data-v=\"4\" data-block-id=\"13d80ae\"><style>.stk-13d80ae-container{margin-top:3px !important;margin-right:3px !important;margin-bottom:3px !important;margin-left:3px !important;}.stk-13d80ae {align-self:center !important;}<\/style><div class=\"stk-column-wrapper stk-block-column__content stk-container stk-13d80ae-container stk--no-background stk--no-padding\"><div class=\"has-text-align-center stk-block-content stk-inner-blocks stk-13d80ae-inner-blocks\">\n<div class=\"is-style-default wp-block-stackable-image-box stk-block-image-box stk-hover-parent stk-block stk-d8f6cac\" data-block-id=\"d8f6cac\"><div class=\"stk-block-content stk-inner-blocks has-text-align-center stk-row stk-block-image-box__content\">\n<div class=\"wp-block-stackable-image stk-block-image stk-block stk-3572fb8\" data-block-id=\"3572fb8\"><style>.stk-3572fb8 .stk-img-wrapper{aspect-ratio:4\/3 !important;height:auto !important;}:where(.stk-hover-parent:hover,  .stk-hover-parent.stk--is-hovered) .stk-3572fb8 .stk-img-wrapper::after{background-color:var(--theme-palette-color-4, #111518) !important;}:where(.stk-hover-parent:hover,  .stk-hover-parent.stk--is-hovered) .stk-3572fb8 .stk-img-wrapper{--stk-gradient-overlay:0.7 !important;}@media screen and (max-width:999px){.stk-3572fb8 .stk-img-wrapper{height:auto !important;}}@media screen and (max-width:689px){.stk-3572fb8 .stk-img-wrapper{height:auto !important;}}<\/style><figure><span class=\"stk-img-wrapper stk-image--shape-stretch\"><img loading=\"lazy\" decoding=\"async\" class=\"stk-img wp-image-3480\" src=\"https:\/\/website-db6d6631.ujk.joe.mybluehost.me\/es\/wp-content\/uploads\/2024\/09\/Landscape-2.png\" width=\"900\" height=\"600\" srcset=\"https:\/\/juliogalindo.com\/es\/wp-content\/uploads\/2024\/09\/Landscape-2.png 900w, https:\/\/juliogalindo.com\/es\/wp-content\/uploads\/2024\/09\/Landscape-2-300x200.png 300w, https:\/\/juliogalindo.com\/es\/wp-content\/uploads\/2024\/09\/Landscape-2-768x512.png 768w, https:\/\/juliogalindo.com\/es\/wp-content\/uploads\/2024\/09\/Landscape-2-750x500.png 750w\" sizes=\"auto, (max-width: 900px) 100vw, 900px\" \/><\/span><\/figure><\/div>\n\n\n\n<div class=\"wp-block-stackable-column stk-block-column stk-column stk-block stk-587f414\" data-v=\"4\" data-block-id=\"587f414\"><style>.stk-587f414 {align-items:center !important;display:flex !important;}<\/style><div class=\"stk-column-wrapper stk-block-column__content stk-container stk-587f414-container stk--no-background stk--no-padding\"><div class=\"stk-block-content stk-inner-blocks stk-587f414-inner-blocks\">\n<div class=\"wp-block-stackable-text stk-block-text stk-block stk-f092011\" data-block-id=\"f092011\"><style>.stk-f092011 {opacity:0 !important;}:where(.stk-hover-parent:hover,  .stk-hover-parent.stk--is-hovered) .stk-f092011{opacity:1 !important;}.stk-f092011 .stk-block-text__text{font-size:25px !important;color:#FFFFFF !important;font-weight:600 !important;}@media screen and (max-width:999px){.stk-f092011 .stk-block-text__text{font-size:25px !important;}}<\/style><p class=\"stk-block-text__text has-text-color has-white-color\">Paisajes<\/p><\/div>\n<\/div><a class=\"stk-link stk-block-link stk--transparent-overlay\" href=\"https:\/\/juliogalindo.com\/es\/paisajes\/\" aria-hidden=\"true\" tabindex=\"-1\"><\/a><\/div><\/div>\n<\/div><\/div>\n<\/div><\/div><\/div>\n<\/div><\/div>\n","protected":false},"excerpt":{"rendered":"<p>Astrofotograf\u00eda Las maravillas del Universo me han fascinado desde que era adolescente. La fotograf\u00eda me permite capturar, retener y revivir momentos especiales, como los \u00faltimos eclipses solares sobre Estados Unidos. Las im\u00e1genes superiores muestran diferentes caracter\u00edsticas del eclipse total de Sol total del 8 de abril de 2024, que coincidi\u00f3 con el pico de actividad [&hellip;]<\/p>\n","protected":false},"author":1,"featured_media":0,"parent":0,"menu_order":0,"comment_status":"closed","ping_status":"closed","template":"","meta":{"nf_dc_page":"","footnotes":""},"class_list":["post-3753","page","type-page","status-publish","hentry"],"blocksy_meta":[],"_links":{"self":[{"href":"https:\/\/juliogalindo.com\/es\/wp-json\/wp\/v2\/pages\/3753","targetHints":{"allow":["GET"]}}],"collection":[{"href":"https:\/\/juliogalindo.com\/es\/wp-json\/wp\/v2\/pages"}],"about":[{"href":"https:\/\/juliogalindo.com\/es\/wp-json\/wp\/v2\/types\/page"}],"author":[{"embeddable":true,"href":"https:\/\/juliogalindo.com\/es\/wp-json\/wp\/v2\/users\/1"}],"replies":[{"embeddable":true,"href":"https:\/\/juliogalindo.com\/es\/wp-json\/wp\/v2\/comments?post=3753"}],"version-history":[{"count":11,"href":"https:\/\/juliogalindo.com\/es\/wp-json\/wp\/v2\/pages\/3753\/revisions"}],"predecessor-version":[{"id":4684,"href":"https:\/\/juliogalindo.com\/es\/wp-json\/wp\/v2\/pages\/3753\/revisions\/4684"}],"wp:attachment":[{"href":"https:\/\/juliogalindo.com\/es\/wp-json\/wp\/v2\/media?parent=3753"}],"curies":[{"name":"wp","href":"https:\/\/api.w.org\/{rel}","templated":true}]}}